{"id":1066,"date":"2022-09-20T19:52:17","date_gmt":"2022-09-20T17:52:17","guid":{"rendered":"https:\/\/www.riss.cc\/?page_id=1066"},"modified":"2022-09-20T19:58:40","modified_gmt":"2022-09-20T17:58:40","slug":"operation","status":"publish","type":"page","link":"https:\/\/www.riss.cc\/?page_id=1066&lang=de","title":{"rendered":""},"content":{"rendered":"\n<p>Als Oberarzt und <strong>Leiter der endokrinen Chirurgie am AKH Wien<\/strong>, Medizinische Universit\u00e4t Wien kann ich Ihnen eine Operation in einem der besten Krankenh\u00e4user der Welt anbieten.<\/p>\n<p><img decoding=\"async\" class=\"alignnone wp-image-1067 \" src=\"https:\/\/www.riss.cc\/wp-content\/uploads\/2022\/09\/Newsweek_AKH-Wien-MedUni-Wien_en.png\" alt=\"\" width=\"162\" height=\"123\" srcset=\"https:\/\/www.riss.cc\/wp-content\/uploads\/2022\/09\/Newsweek_AKH-Wien-MedUni-Wien_en.png 3301w, https:\/\/www.riss.cc\/wp-content\/uploads\/2022\/09\/Newsweek_AKH-Wien-MedUni-Wien_en-1536x1170.png 1536w, https:\/\/www.riss.cc\/wp-content\/uploads\/2022\/09\/Newsweek_AKH-Wien-MedUni-Wien_en-2048x1560.png 2048w\" sizes=\"(max-width: 162px) 100vw, 162px\" \/><\/p>\n<p><strong>Weiters bin ich als Belegarzt in mehreren Wiener Privatspit\u00e4lern t\u00e4tig:<\/strong><\/p>\n<ul>\n<li><a href=\"https:\/\/wiener-privatklinik.com\">Wiener Privatklinik<\/a><\/li>\n<li><a href=\"https:\/\/www.privatklinik-confraternitaet.at\/de\/\">Privatklinik Confraternit\u00e4t<\/a><\/li>\n<li><a href=\"https:\/\/www.privatklinik-goldenes-kreuz.at\">Privatklinik Goldenes Kreuz<\/a><\/li>\n<\/ul>\n<p>Meistens ist ein Aufenthalt von nur einer Nacht notwendig. In meiner Ordination informiere ich Sie gerne \u00fcber alle Details zur Operation und organisiere einen reibungslosen Ablauf.<\/p>\n\n\n","protected":false},"excerpt":{"rendered":"<p>Als Oberarzt und Leiter der endokrinen Chirurgie am AKH Wien, Medizinische Universit\u00e4t Wien kann ich Ihnen eine Operation in einem der besten Krankenh\u00e4user der Welt anbieten. Weiters bin ich als Belegarzt in mehreren Wiener Privatspit\u00e4lern t\u00e4tig: Wiener Privatklinik Privatklinik Confraternit\u00e4t Privatklinik Goldenes Kreuz Meistens ist ein Aufenthalt von nur einer Nacht notwendig. In meiner Ordination [&hellip;]<\/p>\n","protected":false},"author":1,"featured_media":0,"parent":0,"menu_order":0,"comment_status":"closed","ping_status":"closed","template":"","meta":{"om_disable_all_campaigns":false,"_monsterinsights_skip_tracking":false,"_monsterinsights_sitenote_active":false,"_monsterinsights_sitenote_note":"","_monsterinsights_sitenote_category":0,"_uf_show_specific_survey":0,"_uf_disable_surveys":false,"footnotes":""},"class_list":["post-1066","page","type-page","status-publish","hentry"],"aioseo_notices":[],"_links":{"self":[{"href":"https:\/\/www.riss.cc\/index.php?rest_route=\/wp\/v2\/pages\/1066","targetHints":{"allow":["GET"]}}],"collection":[{"href":"https:\/\/www.riss.cc\/index.php?rest_route=\/wp\/v2\/pages"}],"about":[{"href":"https:\/\/www.riss.cc\/index.php?rest_route=\/wp\/v2\/types\/page"}],"author":[{"embeddable":true,"href":"https:\/\/www.riss.cc\/index.php?rest_route=\/wp\/v2\/users\/1"}],"replies":[{"embeddable":true,"href":"https:\/\/www.riss.cc\/index.php?rest_route=%2Fwp%2Fv2%2Fcomments&post=1066"}],"version-history":[{"count":4,"href":"https:\/\/www.riss.cc\/index.php?rest_route=\/wp\/v2\/pages\/1066\/revisions"}],"predecessor-version":[{"id":1074,"href":"https:\/\/www.riss.cc\/index.php?rest_route=\/wp\/v2\/pages\/1066\/revisions\/1074"}],"wp:attachment":[{"href":"https:\/\/www.riss.cc\/index.php?rest_route=%2Fwp%2Fv2%2Fmedia&parent=1066"}],"curies":[{"name":"wp","href":"https:\/\/api.w.org\/{rel}","templated":true}]}}