{"id":116,"date":"2016-12-03T23:29:39","date_gmt":"2016-12-03T22:29:39","guid":{"rendered":"http:\/\/www.chirurgie-riss.at\/riss.cc\/?page_id=116"},"modified":"2025-12-26T12:54:42","modified_gmt":"2025-12-26T11:54:42","slug":"impressum","status":"publish","type":"page","link":"https:\/\/www.riss.cc\/?page_id=116&lang=de","title":{"rendered":"Impressum &#038; Datenschutz"},"content":{"rendered":"<h3 class=\"entry-title\"><strong>Medieninhaber und Herausgeber<\/strong><\/h3>\n<div class=\"entry-content\">\n<p>Prim. Assoc.-Prof. PD Dr. Philipp Riss, Facharzt f\u00fcr allgemeine Chirurgie und Viszeralchirurgie (\u00a7 24 Mediengesetz)<\/p>\n<p><strong>Wahlarzt-Ordination:<\/strong><br \/>\nWilhelminenstra\u00dfe 77\/3<br \/>\n1160 Wien<\/p>\n<p>+43 1 226 55 86<br \/>\n<a href=\"mailto:team-ordination@riss.cc\">team-ordination@riss.cc<\/a><\/p>\n<h3><strong>Offenlegung Unternehmensgegenstand<\/strong><\/h3>\n<p>Facharzt f\u00fcr allgemeine Chirurgie und Viszeralchirurgie (\u00a7 25 Mediengesetz)<\/p>\n<\/div>\n<h3><\/h3>\n<h1 id=\"heading_Erklaerung_zur_Informationspflicht_2\"><strong>Erkl\u00e4rung zur Informationspflicht &#8211;\u00a0Datenschutzerkl\u00e4rung<\/strong><\/h1>\n<p>Der Schutz Ihrer pers\u00f6nlichen Daten ist uns ein besonderes Anliegen. Wir verarbeiten Ihre Daten daher ausschlie\u00dflich auf Grundlage der gesetzlichen Bestimmungen (DSGVO, TKG 2003). In diesen Datenschutzinformationen informieren wir Sie \u00fcber die wichtigsten Aspekte der Datenverarbeitung im Rahmen unserer Website.<\/p>\n<h4 id=\"heading_Kontakt_mit_uns\">Kontakt mit uns<\/h4>\n<p>Wenn Sie per Formular auf der Website oder per E-Mail Kontakt mit uns aufnehmen, werden Ihre angegebenen Daten zwecks Bearbeitung der Anfrage und f\u00fcr den Fall von Anschlussfragen sechs Monate bei uns gespeichert. Diese Daten geben wir nicht ohne Ihre Einwilligung weiter.<\/p>\n<h4 id=\"heading_Cookies\">Cookies<\/h4>\n<p>Unsere Website k\u00f6nnte so genannte Cookies verwenden. Dabei handelt es sich um kleine Textdateien, die mit Hilfe des Browsers auf Ihrem Endger\u00e4t abgelegt werden. Sie richten keinen Schaden an.<\/p>\n<p>Wir k\u00f6nnten Cookies dazu nutzen, unser Angebot nutzerfreundlich zu gestalten. Einige Cookies bleiben auf Ihrem Endger\u00e4t gespeichert, bis Sie diese l\u00f6schen. Sie erm\u00f6glichen es uns, Ihren Browser beim n\u00e4chsten Besuch wiederzuerkennen.<\/p>\n<p>Wenn Sie dies nicht w\u00fcnschen, so k\u00f6nnen Sie Ihren Browser so einrichten, dass er Sie \u00fcber das Setzen von Cookies informiert und Sie dies nur im Einzelfall erlauben.<\/p>\n<p>Bei der Deaktivierung von Cookies kann die Funktionalit\u00e4t unserer Website eingeschr\u00e4nkt sein.<\/p>\n<div>\n<h4><span class=\"mobile-undersized-upper\">Google Analytics<\/span><\/h4>\n<p><span class=\"mobile-undersized-upper\">Unsere Website verwendet Funktionen des Webanalysedienstes <\/span><span class=\"mobile-undersized-upper\">Google Inc, (1600 Amphitheatre Parkway Mountain View, CA 94043, USA; \u201eGoogle\u201c)<\/span><span class=\"mobile-undersized-upper\">. Google Analytics verwendet Cookies (Textdateien, die auf Ihrem Computer gespeichert werden), die eine Analyse der Benutzung der Website durch Ihre Benutzer erm\u00f6glicht. Die dadurch erzeugten Informationen werden in der Regel an einen Server von Google in den USA \u00fcbertragen und dort gespeichert. Im Falle der Aktivierung der IP-Anonymisierung auf dieser Website, wird Ihre IP-Adresse von Google jedoch innerhalb von Mitgliedstaaten der Europ\u00e4ischen Union oder in anderen Vertragsstaaten des Abkommens \u00fcber den Europ\u00e4ischen Wirtschaftsraum zuvor gek\u00fcrzt. Nur in Ausnahmef\u00e4llen wird die volle IP-Adresse an einen Server von Google in den USA \u00fcbertragen und dort gek\u00fcrzt. Im Auftrag des Betreibers dieser Website wird Google diese Informationen benutzen, um Ihre Nutzung der Website auszuwerten, um Reports \u00fcber die Websiteaktivit\u00e4ten zusammenzustellen und um weitere mit der Websitenutzung und der Internetnutzung verbundene Dienstleistungen gegen\u00fcber dem Websitebetreiber zu erbringen. Die im Rahmen von Google Analytics von Ihrem Browser \u00fcbermittelte IP-Adresse wird nicht mit anderen Daten von Google zusammengef\u00fchrt.<\/span><\/p>\n<p><span class=\"mobile-undersized-upper\">Sie k\u00f6nnen dies verhindern, indem Sie Ihre Browser-Software so einrichten, dass keine Cookies gespeichert werden \u2013 Hinweis: in diesem Fall k\u00f6nnen gegebenenfalls nicht s\u00e4mtliche Funktionen dieser Website vollumf\u00e4nglich werden.Zudem k\u00f6nnen Sie die Erfassung der durch das Cookie erzeugten und auf ihre Nutzung der Website bezogenen Daten (inkl. Ihrer IP-Adresse) an Google sowie die Verarbeitung dieser Daten durch Google verhindern. Dies erfolgt, indem Sie das unter dem folgenden Link verf\u00fcgbare Browser-Plugin herunterladen und installieren: <\/span><span class=\"mobile-undersized-upper\"><a class=\"textlink link1\" href=\"http:\/\/tools.google.com\/dlpage\/gaoptout\" target=\"_blank\" rel=\"noopener\">tools.google.com\/dlpage\/gaoptout<\/a><\/span><\/p>\n<p><span class=\"mobile-undersized-upper\">N\u00e4here Informationen zu Nutzungsbedingungen und Datenschutz finden Sie unter: <\/span><span class=\"mobile-undersized-upper\"><a class=\"textlink link1\" href=\"http:\/\/www.google.com\/analytics\/terms\/de.html\" target=\"_blank\" rel=\"noopener\">http:\/\/www.google.com\/analytics\/terms\/de.html<\/a><\/span><span class=\"mobile-undersized-upper\"> bzw. unter <\/span><span class=\"mobile-undersized-upper\"><a class=\"textlink link1\" href=\"http:\/\/www.google.com\/intl\/de\/analytics\/privacyoverview.html\" target=\"_blank\" rel=\"noopener\">http:\/\/www.google.com\/intl\/de\/analytics\/privacyoverview.html<\/a><\/span><\/p>\n<p><span class=\"mobile-undersized-upper\">\u00a0<a href=\"javascript:gaoo_handle_optout();\" id=\"gaoo-link\" class=\"gaoo-link-deactivate\">Verbiete Google Analytics, mich zu verfolgen<\/a><\/span><\/p>\n<h4><span class=\"mobile-undersized-upper\">Auftritt in Sozialen Medien <\/span><\/h4>\n<p><span class=\"mobile-undersized-upper\">Um Sie \u00fcber Neuigkeiten zu informieren, sind wir online in Sozialen Netzwerken vertreten. Bei Verwendung dieser Netzwerke gelten die Gesch\u00e4ftsbedingungen und die Datenverarbeitungs-richtlinien der jeweiligen Betreiber:<\/span><\/p>\n<\/div>\n<div>\n<p><strong>Zur schnelleren Auffindbarkeit unseres Standortes setzen wir \u201eGoogle Maps\u201c auf unserer Website ein.<\/strong><\/p>\n<p>Es k\u00f6nnen Standortdaten und IP-Adressen der Nutzer verwendet werden (auch in den USA). Die Einwilligung daf\u00fcr erfolgt im Rahmen der Einstellungen der Mobilger\u00e4te durch die Nutzer.<\/p>\n<\/div>\n<div class=\"mb-indent\">\n<p><span class=\"mobile-undersized-upper\">Anbieter: <\/span><span class=\"mobile-undersized-upper\">Google LLC, 1600 Amphitheatre Parkway, Mountain View, CA 94043, USA<\/span><span class=\"mobile-undersized-upper\"> \/\/ Datenschutzerkl\u00e4rung: <\/span><span class=\"mobile-undersized-upper\"><a class=\"textlink link1\" href=\"https:\/\/policies.google.com\/privacy?hl=de\" target=\"_blank\" rel=\"noopener\">https:\/\/policies.google.com\/privacy?hl=de<\/a><\/span><\/p>\n<\/div>\n<div>\n<p><strong>Auf unserer Website gibt es einen Link (Plugin) zu unserem Facebook Auftritt.<\/strong><\/p>\n<\/div>\n<div class=\"mb-indent\">\n<p><span class=\"mobile-undersized-upper\">Anbieter: <\/span><span class=\"mobile-undersized-upper\">Facebook Inc., 1 Hacker Way, Menlo Park, California 94025, USA<\/span><span class=\"mobile-undersized-upper\"> \/\/ Datenschutzerkl\u00e4rung: <\/span><span class=\"mobile-undersized-upper\"><a class=\"textlink link1\" href=\"https:\/\/www.facebook.com\/about\/privacy\/\">https:\/\/www.facebook.com\/about\/privacy\/<\/a><\/span><\/p>\n<p><span class=\"mobile-undersized-upper\">Die Facebook-Plugins erkennen Sie an dem Facebook-Logo oder dem &#8222;Like-Button&#8220; (&#8222;Gef\u00e4llt mir&#8220;) auf unserer Seite (\u00dcbersicht Facebook-Plugins: <\/span><span class=\"mobile-undersized-upper\"><a class=\"textlink link1\" href=\"http:\/\/developers.facebook.com\/docs\/plugins\/\" target=\"_blank\" rel=\"noopener\">http:\/\/developers.facebook.com\/docs\/plugins\/<\/a><\/span><span class=\"mobile-undersized-upper\">).<\/span><\/p>\n<p><span class=\"mobile-undersized-upper\">Wenn Sie unsere Seiten besuchen, wird \u00fcber das Plugin eine direkte Verbindung zwischen Ihrem Browser und dem Facebook-Server hergestellt. Facebook erh\u00e4lt dadurch die Information, dass Sie mit Ihrer IP-Adresse unsere Seite besucht haben. Wenn Sie den Facebook &#8222;Like-Button&#8220; anklicken, w\u00e4hrend Sie in Ihrem Facebook-Account eingeloggt sind, k\u00f6nnen Sie die Inhalte unserer Seiten auf Ihrem Facebook-Profil verlinken. Dadurch kann Facebook den Besuch unserer Seiten Ihrem Benutzerkonto zuordnen. Wir weisen darauf hin, dass wir als Anbieter der Seiten keine Kenntnis vom Inhalt der \u00fcbermittelten Daten sowie deren Nutzung durch Facebook erhalten. <\/span><\/p>\n<p><span class=\"mobile-undersized-upper\">Wenn Sie nicht w\u00fcnschen, dass Facebook den Besuch unserer Seiten Ihrem Facebook- Nutzerkonto zuordnen kann, loggen Sie sich bitte aus Ihrem Facebook-Benutzerkonto aus.<\/span><\/p>\n<\/div>\n<h4 id=\"heading_Ihre_Rechte\">Ihre Rechte<\/h4>\n<p>Ihnen stehen grunds\u00e4tzlich die Rechte auf Auskunft, Berichtigung, L\u00f6schung, Einschr\u00e4nkung, Daten\u00fcbertragbarkeit, Widerruf und Widerspruch zu. Wenn Sie glauben, dass die Verarbeitung Ihrer Daten gegen das Datenschutzrecht verst\u00f6\u00dft oder Ihre datenschutzrechtlichen Anspr\u00fcche sonst in einer Weise verletzt worden sind, k\u00f6nnen Sie sich bei der Aufsichtsbeh\u00f6rde beschweren. In \u00d6sterreich ist dies die Datenschutzbeh\u00f6rde.<\/p>\n","protected":false},"excerpt":{"rendered":"<p>Medieninhaber und Herausgeber Prim. Assoc.-Prof. PD Dr. Philipp Riss, Facharzt f\u00fcr allgemeine Chirurgie und Viszeralchirurgie (\u00a7 24 Mediengesetz) Wahlarzt-Ordination: Wilhelminenstra\u00dfe 77\/3 1160 Wien +43 1 226 55 86 team-ordination@riss.cc Offenlegung Unternehmensgegenstand Facharzt f\u00fcr allgemeine Chirurgie und Viszeralchirurgie (\u00a7 25 Mediengesetz) Erkl\u00e4rung zur Informationspflicht &#8211;\u00a0Datenschutzerkl\u00e4rung Der Schutz Ihrer pers\u00f6nlichen Daten ist uns ein besonderes Anliegen. Wir [&hellip;]<\/p>\n","protected":false},"author":1,"featured_media":0,"parent":0,"menu_order":0,"comment_status":"closed","ping_status":"closed","template":"","meta":{"om_disable_all_campaigns":false,"_monsterinsights_skip_tracking":false,"_monsterinsights_sitenote_active":false,"_monsterinsights_sitenote_note":"","_monsterinsights_sitenote_category":0,"_uf_show_specific_survey":0,"_uf_disable_surveys":false,"footnotes":""},"class_list":["post-116","page","type-page","status-publish","hentry"],"aioseo_notices":[],"_links":{"self":[{"href":"https:\/\/www.riss.cc\/index.php?rest_route=\/wp\/v2\/pages\/116","targetHints":{"allow":["GET"]}}],"collection":[{"href":"https:\/\/www.riss.cc\/index.php?rest_route=\/wp\/v2\/pages"}],"about":[{"href":"https:\/\/www.riss.cc\/index.php?rest_route=\/wp\/v2\/types\/page"}],"author":[{"embeddable":true,"href":"https:\/\/www.riss.cc\/index.php?rest_route=\/wp\/v2\/users\/1"}],"replies":[{"embeddable":true,"href":"https:\/\/www.riss.cc\/index.php?rest_route=%2Fwp%2Fv2%2Fcomments&post=116"}],"version-history":[{"count":9,"href":"https:\/\/www.riss.cc\/index.php?rest_route=\/wp\/v2\/pages\/116\/revisions"}],"predecessor-version":[{"id":1162,"href":"https:\/\/www.riss.cc\/index.php?rest_route=\/wp\/v2\/pages\/116\/revisions\/1162"}],"wp:attachment":[{"href":"https:\/\/www.riss.cc\/index.php?rest_route=%2Fwp%2Fv2%2Fmedia&parent=116"}],"curies":[{"name":"wp","href":"https:\/\/api.w.org\/{rel}","templated":true}]}}