{"id":270,"date":"2016-12-11T22:03:08","date_gmt":"2016-12-11T21:03:08","guid":{"rendered":"http:\/\/www.riss.cc\/?page_id=270"},"modified":"2016-12-11T22:03:08","modified_gmt":"2016-12-11T21:03:08","slug":"links-2","status":"publish","type":"page","link":"https:\/\/www.riss.cc\/?page_id=270&lang=en","title":{"rendered":"Links"},"content":{"rendered":"<p><span style=\"line-height: 1.5em;\">Vertrauensw\u00fcrdige Partner sind im medizinischen Bereich besonders wichtig. Die folgenden Kolleginnen und Kollegen k\u00f6nnen wir besonders weiterempfehlen.<\/span><\/p>\n<ul>\n<li><a href=\"http:\/\/www.meduniwien.ac.at\/chir-endokrin\">Chirurgische Endokrinologie, Universit\u00e4tsklinik f\u00fcr Chirurgie, Medizinische Universit\u00e4t Wien<\/a><\/li>\n<li><a href=\"http:\/\/www.hno-mancusi.at\" target=\"_blank\">Dr. Gudrun Mancusi<\/a>, Fach\u00e4rztin f\u00fcr HNO-Krankheiten und Phoniatrie<\/li>\n<li><a href=\"http:\/\/www.riss.co.at\" target=\"_blank\">Dr. Tabea Riss<\/a>,\u00a0\u00c4rztin f\u00fcr Allgemeinmedizin, Klassische Hom\u00f6opathie<\/li>\n<li><a href=\"http:\/\/www.dr-riss.at\" target=\"_blank\">Prim. Dr. Thomas Riss<\/a>,\u00a0Facharzt f\u00fcr Chirurgie<\/li>\n<li><a href=\"http:\/\/www.wehrberger.at\" target=\"_blank\">Dr. Clemens Wehrberger<\/a>, Facharzt f\u00fcr Urologie<\/li>\n<li><a href=\"http:\/\/hans.woegerbauer.at\" target=\"_blank\">Mag. Dr. Hans W\u00f6gerbauer<\/a>, Arzt f\u00fcr Allgemeinmedizin, Psychosomatische Medizin, Sportmedizin<\/li>\n<li><a href=\"http:\/\/thomas.woegerbauer.at\" target=\"_blank\">Dr. Thomas W\u00f6gerbauer<\/a>, Facharzt f\u00fcr Innere Medizin, Allgemeinmedizin<\/li>\n<\/ul>\n","protected":false},"excerpt":{"rendered":"<p>Vertrauensw\u00fcrdige Partner sind im medizinischen Bereich besonders wichtig. Die folgenden Kolleginnen und Kollegen k\u00f6nnen wir besonders weiterempfehlen. Chirurgische Endokrinologie, Universit\u00e4tsklinik f\u00fcr Chirurgie, Medizinische Universit\u00e4t Wien Dr. Gudrun Mancusi, Fach\u00e4rztin f\u00fcr HNO-Krankheiten und Phoniatrie Dr. Tabea Riss,\u00a0\u00c4rztin f\u00fcr Allgemeinmedizin, Klassische Hom\u00f6opathie Prim. Dr. Thomas Riss,\u00a0Facharzt f\u00fcr Chirurgie Dr. Clemens Wehrberger, Facharzt f\u00fcr Urologie Mag. Dr. Hans [&hellip;]<\/p>\n","protected":false},"author":1,"featured_media":0,"parent":0,"menu_order":0,"comment_status":"closed","ping_status":"closed","template":"page-templates\/full-width-page.php","meta":{"om_disable_all_campaigns":false,"_monsterinsights_skip_tracking":false,"_monsterinsights_sitenote_active":false,"_monsterinsights_sitenote_note":"","_monsterinsights_sitenote_category":0,"_uf_show_specific_survey":0,"_uf_disable_surveys":false,"footnotes":""},"class_list":["post-270","page","type-page","status-publish","hentry"],"aioseo_notices":[],"_links":{"self":[{"href":"https:\/\/www.riss.cc\/index.php?rest_route=\/wp\/v2\/pages\/270","targetHints":{"allow":["GET"]}}],"collection":[{"href":"https:\/\/www.riss.cc\/index.php?rest_route=\/wp\/v2\/pages"}],"about":[{"href":"https:\/\/www.riss.cc\/index.php?rest_route=\/wp\/v2\/types\/page"}],"author":[{"embeddable":true,"href":"https:\/\/www.riss.cc\/index.php?rest_route=\/wp\/v2\/users\/1"}],"replies":[{"embeddable":true,"href":"https:\/\/www.riss.cc\/index.php?rest_route=%2Fwp%2Fv2%2Fcomments&post=270"}],"version-history":[{"count":1,"href":"https:\/\/www.riss.cc\/index.php?rest_route=\/wp\/v2\/pages\/270\/revisions"}],"predecessor-version":[{"id":271,"href":"https:\/\/www.riss.cc\/index.php?rest_route=\/wp\/v2\/pages\/270\/revisions\/271"}],"wp:attachment":[{"href":"https:\/\/www.riss.cc\/index.php?rest_route=%2Fwp%2Fv2%2Fmedia&parent=270"}],"curies":[{"name":"wp","href":"https:\/\/api.w.org\/{rel}","templated":true}]}}