{"id":29,"date":"2016-10-04T21:04:52","date_gmt":"2016-10-04T19:04:52","guid":{"rendered":"http:\/\/www.chirurgie-riss.at\/riss.cc\/?page_id=6"},"modified":"2026-01-27T21:38:40","modified_gmt":"2026-01-27T20:38:40","slug":"home","status":"publish","type":"page","link":"https:\/\/www.riss.cc\/?page_id=29&lang=de","title":{"rendered":"Home"},"content":{"rendered":"\t\t<div data-elementor-type=\"wp-post\" data-elementor-id=\"29\" class=\"elementor elementor-29\">\n\t\t\t\t\t\t<section class=\"elementor-section elementor-top-section elementor-element elementor-element-9762b45 elementor-section-boxed elementor-section-height-default elementor-section-height-default\" data-id=\"9762b45\" data-element_type=\"section\" data-e-type=\"section\">\n\t\t\t\t\t\t<div class=\"elementor-container elementor-column-gap-default\">\n\t\t\t\t\t<div class=\"aux-parallax-section elementor-column elementor-col-100 elementor-top-column elementor-element elementor-element-c87b9f0\" data-id=\"c87b9f0\" data-element_type=\"column\" data-e-type=\"column\">\n\t\t\t<div class=\"elementor-widget-wrap elementor-element-populated\">\n\t\t\t\t\t\t<div class=\"elementor-element elementor-element-8d0d966 elementor-widget elementor-widget-text-editor\" data-id=\"8d0d966\" data-element_type=\"widget\" data-e-type=\"widget\" data-widget_type=\"text-editor.default\">\n\t\t\t\t<div class=\"elementor-widget-container\">\n\t\t\t\t\t\t\t\t\t<blockquote><p style=\"text-align: center;\">&#8222;Einer von \u00d6sterreichs f\u00fchrenden Spezialisten f\u00fcr Schilddr\u00fcsen- und Nebenschilddr\u00fcsen- Chirurgie&#8220;<\/p><\/blockquote>\t\t\t\t\t\t\t\t<\/div>\n\t\t\t\t<\/div>\n\t\t\t\t\t<\/div>\n\t\t<\/div>\n\t\t\t\t\t<\/div>\n\t\t<\/section>\n\t\t\t\t<section class=\"elementor-section elementor-top-section elementor-element elementor-element-3c78b54 elementor-section-boxed elementor-section-height-default elementor-section-height-default\" data-id=\"3c78b54\" data-element_type=\"section\" data-e-type=\"section\">\n\t\t\t\t\t\t<div class=\"elementor-container elementor-column-gap-default\">\n\t\t\t\t\t<div class=\"aux-parallax-section elementor-column elementor-col-100 elementor-top-column elementor-element elementor-element-552274a\" data-id=\"552274a\" data-element_type=\"column\" data-e-type=\"column\">\n\t\t\t<div class=\"elementor-widget-wrap elementor-element-populated\">\n\t\t\t\t\t\t<div class=\"elementor-element elementor-element-e427fcc elementor-align-center elementor-widget elementor-widget-button\" data-id=\"e427fcc\" data-element_type=\"widget\" data-e-type=\"widget\" data-settings=\"{&quot;_animation_mobile&quot;:&quot;zoomIn&quot;,&quot;_animation&quot;:&quot;none&quot;}\" data-widget_type=\"button.default\">\n\t\t\t\t<div class=\"elementor-widget-container\">\n\t\t\t\t\t\t\t\t\t<div class=\"elementor-button-wrapper\">\n\t\t\t\t\t<a class=\"elementor-button elementor-button-link elementor-size-lg\" href=\"https:\/\/app.acuityscheduling.com\/schedule.php?owner=18133389\" target=\"_blank\">\n\t\t\t\t\t\t<span class=\"elementor-button-content-wrapper\">\n\t\t\t\t\t\t<span class=\"elementor-button-icon\">\n\t\t\t\t<i aria-hidden=\"true\" class=\"far fa-calendar-plus\"><\/i>\t\t\t<\/span>\n\t\t\t\t\t\t\t\t\t<span class=\"elementor-button-text\">Online Terminvereinbarung<\/span>\n\t\t\t\t\t<\/span>\n\t\t\t\t\t<\/a>\n\t\t\t\t<\/div>\n\t\t\t\t\t\t\t\t<\/div>\n\t\t\t\t<\/div>\n\t\t\t\t\t<\/div>\n\t\t<\/div>\n\t\t\t\t\t<\/div>\n\t\t<\/section>\n\t\t\t\t<section class=\"elementor-section elementor-top-section elementor-element elementor-element-1c5a5d22 elementor-section-boxed elementor-section-height-default elementor-section-height-default\" data-id=\"1c5a5d22\" data-element_type=\"section\" data-e-type=\"section\">\n\t\t\t\t\t\t<div class=\"elementor-container elementor-column-gap-default\">\n\t\t\t\t\t<div class=\"aux-parallax-section elementor-column elementor-col-50 elementor-top-column elementor-element elementor-element-7fc74c12\" data-id=\"7fc74c12\" data-element_type=\"column\" data-e-type=\"column\">\n\t\t\t<div class=\"elementor-widget-wrap elementor-element-populated\">\n\t\t\t\t\t\t<div class=\"elementor-element elementor-element-1b4c37c0 elementor-widget elementor-widget-text-editor\" data-id=\"1b4c37c0\" data-element_type=\"widget\" data-e-type=\"widget\" data-widget_type=\"text-editor.default\">\n\t\t\t\t<div class=\"elementor-widget-container\">\n\t\t\t\t\t\t\t\t\t<p><span style=\"color: #ff0000; font-size: 14pt;\"><strong><em>Wichtiger Hinweis:<\/em> die Ordination bleibt in den Semesterferien von 30.01.2026 bis 10.02.2026 geschlossen.<br \/>Per<span style=\"color: #ff0000;\">\u00a0<\/span><\/strong><a style=\"color: #ff0000;\" href=\"mailto:team-ordination@riss.cc\" target=\"_blank\" rel=\"noopener\"><b>E-mail<\/b><\/a><strong><span style=\"color: #ff0000;\">\u00a0<\/span>sind wir gerne erreichbar. Bitte nutzen Sie unsere online- Terminvereinbarung!<\/strong><\/span><\/p><p>\u00a0<\/p><p style=\"text-align: left;\"><span style=\"font-size: 14pt;\">Nach vielen Jahren als Leiter der endokrinen Chirurgie an der Universit\u00e4tsklinik im AKH Wien habe ich die <strong>Leitung der Abteilung f\u00fcr Allgemein-, Viszeral- und Tumorchirurgie an der Klinik Landstra\u00dfe in Wien<\/strong> \u00fcbernommen (ehemalige Rudolfstiftung).<\/span><\/p><p style=\"text-align: left;\"><span style=\"font-size: 14pt;\">In meiner Wahlarzt- Ordination biete ich <strong>pers\u00f6nliche und individuelle Beratung in meinen Spezialdisziplinen<\/strong>. Durch meine\u00a0jahrelange klinische und wissenschaftliche Arbeit in den jeweiligen Bereichen kann ich\u00a0Ihnen Chirurgie oder eine Zweitmeinung nach den aktuellsten medizinischen Standards anbieten.<\/span><\/p><p style=\"text-align: left;\"><span style=\"font-size: 14pt;\"><strong>Ich freue mich\u00a0auf ein Gesp<\/strong><strong>r\u00e4ch mit Ihnen!<\/strong><\/span><\/p><p style=\"text-align: left;\"><span style=\"font-size: 14pt;\">Primarius<br \/>Assoc. Prof. PD Dr. Philipp Riss, FEBS<\/span><\/p>\t\t\t\t\t\t\t\t<\/div>\n\t\t\t\t<\/div>\n\t\t\t\t\t<\/div>\n\t\t<\/div>\n\t\t\t\t<div class=\"aux-parallax-section elementor-column elementor-col-50 elementor-top-column elementor-element elementor-element-81bd2eb\" data-id=\"81bd2eb\" data-element_type=\"column\" data-e-type=\"column\">\n\t\t\t<div class=\"elementor-widget-wrap elementor-element-populated\">\n\t\t\t\t\t\t<div class=\"elementor-element elementor-element-e7bd4c9 elementor-arrows-position-inside elementor-pagination-position-outside elementor-widget elementor-widget-image-carousel\" data-id=\"e7bd4c9\" data-element_type=\"widget\" data-e-type=\"widget\" data-settings=\"{&quot;slides_to_show&quot;:&quot;1&quot;,&quot;pause_on_hover&quot;:&quot;no&quot;,&quot;autoplay_speed&quot;:3500,&quot;effect&quot;:&quot;fade&quot;,&quot;speed&quot;:1200,&quot;navigation&quot;:&quot;both&quot;,&quot;autoplay&quot;:&quot;yes&quot;,&quot;pause_on_interaction&quot;:&quot;yes&quot;,&quot;infinite&quot;:&quot;yes&quot;}\" data-widget_type=\"image-carousel.default\">\n\t\t\t\t<div class=\"elementor-widget-container\">\n\t\t\t\t\t\t\t<div class=\"elementor-image-carousel-wrapper swiper\" role=\"region\" aria-roledescription=\"carousel\" aria-label=\"Bild Karussell\" dir=\"ltr\">\n\t\t\t<div class=\"elementor-image-carousel swiper-wrapper\" aria-live=\"off\">\n\t\t\t\t\t\t\t\t<div class=\"swiper-slide\" role=\"group\" aria-roledescription=\"slide\" aria-label=\"1 von 3\"><figure class=\"swiper-slide-inner\"><img decoding=\"async\" class=\"swiper-slide-image\" src=\"https:\/\/www.riss.cc\/wp-content\/uploads\/2016\/12\/caek-453-Kopie.jpg\" alt=\"caek-453 Kopie\" \/><\/figure><\/div><div class=\"swiper-slide\" role=\"group\" aria-roledescription=\"slide\" aria-label=\"2 von 3\"><figure class=\"swiper-slide-inner\"><img decoding=\"async\" class=\"swiper-slide-image\" src=\"https:\/\/www.riss.cc\/wp-content\/uploads\/2019\/12\/IMG_8724-2-scaled.jpeg\" alt=\"IMG_8724\" \/><\/figure><\/div><div class=\"swiper-slide\" role=\"group\" aria-roledescription=\"slide\" aria-label=\"3 von 3\"><figure class=\"swiper-slide-inner\"><img decoding=\"async\" class=\"swiper-slide-image\" src=\"https:\/\/www.riss.cc\/wp-content\/uploads\/2016\/12\/image-1-e1663703904318.png\" alt=\"image\" \/><\/figure><\/div>\t\t\t<\/div>\n\t\t\t\t\t\t\t\t\t\t\t\t<div class=\"elementor-swiper-button elementor-swiper-button-prev\" role=\"button\" tabindex=\"0\">\n\t\t\t\t\t\t<i aria-hidden=\"true\" class=\"eicon-chevron-left\"><\/i>\t\t\t\t\t<\/div>\n\t\t\t\t\t<div class=\"elementor-swiper-button elementor-swiper-button-next\" role=\"button\" tabindex=\"0\">\n\t\t\t\t\t\t<i aria-hidden=\"true\" class=\"eicon-chevron-right\"><\/i>\t\t\t\t\t<\/div>\n\t\t\t\t\n\t\t\t\t\t\t\t\t\t<div class=\"swiper-pagination\"><\/div>\n\t\t\t\t\t\t\t\t\t<\/div>\n\t\t\t\t\t\t<\/div>\n\t\t\t\t<\/div>\n\t\t\t\t\t<\/div>\n\t\t<\/div>\n\t\t\t\t\t<\/div>\n\t\t<\/section>\n\t\t\t\t<section class=\"elementor-section elementor-top-section elementor-element elementor-element-55a0af5c elementor-section-content-middle elementor-section-boxed elementor-section-height-default elementor-section-height-default\" data-id=\"55a0af5c\" data-element_type=\"section\" data-e-type=\"section\">\n\t\t\t\t\t\t<div class=\"elementor-container elementor-column-gap-no\">\n\t\t\t\t\t<div class=\"aux-parallax-section elementor-column elementor-col-100 elementor-top-column elementor-element elementor-element-6fe9390e\" data-id=\"6fe9390e\" data-element_type=\"column\" data-e-type=\"column\">\n\t\t\t<div class=\"elementor-widget-wrap elementor-element-populated\">\n\t\t\t\t\t\t<div class=\"elementor-element elementor-element-20b7e2bd elementor-widget elementor-widget-heading\" data-id=\"20b7e2bd\" data-element_type=\"widget\" data-e-type=\"widget\" data-widget_type=\"heading.default\">\n\t\t\t\t<div class=\"elementor-widget-container\">\n\t\t\t\t\t<h4 class=\"elementor-heading-title elementor-size-default\">Informieren Sie sich!<\/h4>\t\t\t\t<\/div>\n\t\t\t\t<\/div>\n\t\t\t\t<div class=\"elementor-element elementor-element-32165774 elementor-widget elementor-widget-text-editor\" data-id=\"32165774\" data-element_type=\"widget\" data-e-type=\"widget\" data-widget_type=\"text-editor.default\">\n\t\t\t\t<div class=\"elementor-widget-container\">\n\t\t\t\t\t\t\t\t\t<p>N\u00e4here Informationen zu meiner T\u00e4tigkeit, speziell zum Thema Schilddr\u00fcsenchirurgie und endokrine Chirurgie sowie zu meinem Angebot in der Ordination.<\/p>\t\t\t\t\t\t\t\t<\/div>\n\t\t\t\t<\/div>\n\t\t\t\t<div class=\"elementor-element elementor-element-1f43a064 elementor-align-center elementor-widget elementor-widget-button\" data-id=\"1f43a064\" data-element_type=\"widget\" data-e-type=\"widget\" data-widget_type=\"button.default\">\n\t\t\t\t<div class=\"elementor-widget-container\">\n\t\t\t\t\t\t\t\t\t<div class=\"elementor-button-wrapper\">\n\t\t\t\t\t<a class=\"elementor-button elementor-button-link elementor-size-sm elementor-animation-grow\" href=\"https:\/\/www.riss.cc\/?page_id=31&#038;lang=de\" id=\"Info_Startseite\">\n\t\t\t\t\t\t<span class=\"elementor-button-content-wrapper\">\n\t\t\t\t\t\t\t\t\t<span class=\"elementor-button-text\">Info<\/span>\n\t\t\t\t\t<\/span>\n\t\t\t\t\t<\/a>\n\t\t\t\t<\/div>\n\t\t\t\t\t\t\t\t<\/div>\n\t\t\t\t<\/div>\n\t\t\t\t\t<\/div>\n\t\t<\/div>\n\t\t\t\t\t<\/div>\n\t\t<\/section>\n\t\t\t\t<section class=\"elementor-section elementor-top-section elementor-element elementor-element-aa571a5 elementor-section-boxed elementor-section-height-default elementor-section-height-default\" data-id=\"aa571a5\" data-element_type=\"section\" data-e-type=\"section\">\n\t\t\t\t\t\t<div class=\"elementor-container elementor-column-gap-default\">\n\t\t\t\t\t<div class=\"aux-parallax-section elementor-column elementor-col-50 elementor-top-column elementor-element elementor-element-183d169\" data-id=\"183d169\" data-element_type=\"column\" data-e-type=\"column\">\n\t\t\t<div class=\"elementor-widget-wrap elementor-element-populated\">\n\t\t\t\t\t\t<div class=\"elementor-element elementor-element-b2ad82f elementor-invisible elementor-widget elementor-widget-wp-widget-recent-posts\" data-id=\"b2ad82f\" data-element_type=\"widget\" data-e-type=\"widget\" data-settings=\"{&quot;_animation&quot;:&quot;zoomIn&quot;}\" data-widget_type=\"wp-widget-recent-posts.default\">\n\t\t\t\t<div class=\"elementor-widget-container\">\n\t\t\t\t\t\n\t\t\n\t\t<h5>Aktuelles<\/h5>\n\t\t<ul>\n\t\t\t\t\t\t\t\t\t\t\t<li>\n\t\t\t\t\t<a href=\"https:\/\/www.riss.cc\/?p=1174&#038;lang=de\">Urlaub Semesterferien 2026<\/a>\n\t\t\t\t\t\t\t\t\t<\/li>\n\t\t\t\t\t\t\t\t\t\t\t<li>\n\t\t\t\t\t<a href=\"https:\/\/www.riss.cc\/?p=1137&#038;lang=de\">Abteilungsleiter Chirurgie &#8211; Klinik Landstra\u00dfe<\/a>\n\t\t\t\t\t\t\t\t\t<\/li>\n\t\t\t\t\t\t\t\t\t\t\t<li>\n\t\t\t\t\t<a href=\"https:\/\/www.riss.cc\/?p=1114&#038;lang=de\">&#x26a0;&#xfe0f; Update Schilddr\u00fcsenkarzinom \u00a0&#x26a0;&#xfe0f;<\/a>\n\t\t\t\t\t\t\t\t\t<\/li>\n\t\t\t\t\t\t\t\t\t\t\t<li>\n\t\t\t\t\t<a href=\"https:\/\/www.riss.cc\/?p=964&#038;lang=de\">Radio- Interview: moderne Schilddr\u00fcsenchirurgie<\/a>\n\t\t\t\t\t\t\t\t\t<\/li>\n\t\t\t\t\t\t\t\t\t\t\t<li>\n\t\t\t\t\t<a href=\"https:\/\/www.riss.cc\/?p=970&#038;lang=en\">TOETVA- workshops<\/a>\n\t\t\t\t\t\t\t\t\t<\/li>\n\t\t\t\t\t\t\t\t\t\t\t<li>\n\t\t\t\t\t<a href=\"https:\/\/www.riss.cc\/?p=967&#038;lang=de\">TOETVA- Kurse<\/a>\n\t\t\t\t\t\t\t\t\t<\/li>\n\t\t\t\t\t<\/ul>\n\n\t\t\t\t\t\t<\/div>\n\t\t\t\t<\/div>\n\t\t\t\t\t<\/div>\n\t\t<\/div>\n\t\t\t\t<div class=\"aux-parallax-section elementor-column elementor-col-50 elementor-top-column elementor-element elementor-element-fda8dc2\" data-id=\"fda8dc2\" data-element_type=\"column\" data-e-type=\"column\">\n\t\t\t<div class=\"elementor-widget-wrap elementor-element-populated\">\n\t\t\t\t\t\t<div class=\"elementor-element elementor-element-088f3e7 elementor-position-top elementor-widget elementor-widget-image-box\" data-id=\"088f3e7\" data-element_type=\"widget\" data-e-type=\"widget\" data-widget_type=\"image-box.default\">\n\t\t\t\t<div class=\"elementor-widget-container\">\n\t\t\t\t\t<div class=\"elementor-image-box-wrapper\"><figure class=\"elementor-image-box-img\"><a href=\"https:\/\/www.riss.cc\/?page_id=32&#038;lang=de\" tabindex=\"-1\"><img fetchpriority=\"high\" decoding=\"async\" width=\"300\" height=\"214\" src=\"https:\/\/www.riss.cc\/wp-content\/uploads\/2019\/01\/iStock-667341282-300x214.jpg\" class=\"attachment-medium size-medium wp-image-622\" alt=\"\" srcset=\"https:\/\/www.riss.cc\/wp-content\/uploads\/2019\/01\/iStock-667341282-300x214.jpg 300w, https:\/\/www.riss.cc\/wp-content\/uploads\/2019\/01\/iStock-667341282-768x547.jpg 768w, https:\/\/www.riss.cc\/wp-content\/uploads\/2019\/01\/iStock-667341282-1024x729.jpg 1024w, https:\/\/www.riss.cc\/wp-content\/uploads\/2019\/01\/iStock-667341282.jpg 1213w\" \/><\/a><\/figure><div class=\"elementor-image-box-content\"><h3 class=\"elementor-image-box-title\"><a href=\"https:\/\/www.riss.cc\/?page_id=32&#038;lang=de\">Narbenlose Schilddr\u00fcsenoperation<\/a><\/h3><p class=\"elementor-image-box-description\">Bei kleinen Schilddr\u00fcsen oder kleineren Knoten (bis ca. 3 cm) ist oft eine Operation mittels Schl\u00fcssellochchirurgie m\u00f6glich. Dabei wird mit einer Kamera die Operation \u00fcber kleine Schnitte in der Mundschleimhaut unterhalb der Lippe durchgef\u00fchrt.<br><b>Gerne informiere ich Sie in meiner Ordination!<\/b><\/p><\/div><\/div>\t\t\t\t<\/div>\n\t\t\t\t<\/div>\n\t\t\t\t\t<\/div>\n\t\t<\/div>\n\t\t\t\t\t<\/div>\n\t\t<\/section>\n\t\t\t\t<section class=\"elementor-section elementor-top-section elementor-element elementor-element-d8e2fe0 elementor-section-boxed elementor-section-height-default elementor-section-height-default\" data-id=\"d8e2fe0\" data-element_type=\"section\" data-e-type=\"section\">\n\t\t\t\t\t\t<div class=\"elementor-container elementor-column-gap-default\">\n\t\t\t\t\t<div class=\"aux-parallax-section elementor-column elementor-col-100 elementor-top-column elementor-element elementor-element-2cbc74a\" data-id=\"2cbc74a\" data-element_type=\"column\" data-e-type=\"column\">\n\t\t\t<div class=\"elementor-widget-wrap elementor-element-populated\">\n\t\t\t\t\t\t<div class=\"elementor-element elementor-element-39933e0 elementor-widget elementor-widget-image\" data-id=\"39933e0\" data-element_type=\"widget\" data-e-type=\"widget\" data-widget_type=\"image.default\">\n\t\t\t\t<div class=\"elementor-widget-container\">\n\t\t\t\t\t\t\t\t\t\t\t\t\t\t\t<img decoding=\"async\" width=\"2376\" height=\"1210\" src=\"https:\/\/www.riss.cc\/wp-content\/uploads\/2022\/09\/Riss-logo-hi-res.png\" class=\"attachment-full size-full wp-image-1094\" alt=\"\" srcset=\"https:\/\/www.riss.cc\/wp-content\/uploads\/2022\/09\/Riss-logo-hi-res.png 2376w, https:\/\/www.riss.cc\/wp-content\/uploads\/2022\/09\/Riss-logo-hi-res-1536x782.png 1536w, https:\/\/www.riss.cc\/wp-content\/uploads\/2022\/09\/Riss-logo-hi-res-2048x1043.png 2048w\" sizes=\"(max-width: 2376px) 100vw, 2376px\" \/>\t\t\t\t\t\t\t\t\t\t\t\t\t\t\t<\/div>\n\t\t\t\t<\/div>\n\t\t\t\t\t<\/div>\n\t\t<\/div>\n\t\t\t\t\t<\/div>\n\t\t<\/section>\n\t\t\t\t<\/div>\n\t\t","protected":false},"excerpt":{"rendered":"<p>&#8222;Einer von \u00d6sterreichs f\u00fchrenden Spezialisten f\u00fcr Schilddr\u00fcsen- und Nebenschilddr\u00fcsen- Chirurgie&#8220; Online Terminvereinbarung Wichtiger Hinweis: die Ordination bleibt in den Semesterferien von 30.01.2026 bis 10.02.2026 geschlossen.Per\u00a0E-mail\u00a0sind wir gerne erreichbar. Bitte nutzen Sie unsere online- Terminvereinbarung! \u00a0 Nach vielen Jahren als Leiter der endokrinen Chirurgie an der Universit\u00e4tsklinik im AKH Wien habe ich die Leitung der Abteilung [&hellip;]<\/p>\n","protected":false},"author":1,"featured_media":0,"parent":0,"menu_order":0,"comment_status":"closed","ping_status":"closed","template":"","meta":{"om_disable_all_campaigns":false,"_monsterinsights_skip_tracking":false,"_monsterinsights_sitenote_active":false,"_monsterinsights_sitenote_note":"","_monsterinsights_sitenote_category":0,"_uf_show_specific_survey":0,"_uf_disable_surveys":false,"footnotes":""},"class_list":["post-29","page","type-page","status-publish","hentry"],"aioseo_notices":[],"_links":{"self":[{"href":"https:\/\/www.riss.cc\/index.php?rest_route=\/wp\/v2\/pages\/29","targetHints":{"allow":["GET"]}}],"collection":[{"href":"https:\/\/www.riss.cc\/index.php?rest_route=\/wp\/v2\/pages"}],"about":[{"href":"https:\/\/www.riss.cc\/index.php?rest_route=\/wp\/v2\/types\/page"}],"author":[{"embeddable":true,"href":"https:\/\/www.riss.cc\/index.php?rest_route=\/wp\/v2\/users\/1"}],"replies":[{"embeddable":true,"href":"https:\/\/www.riss.cc\/index.php?rest_route=%2Fwp%2Fv2%2Fcomments&post=29"}],"version-history":[{"count":144,"href":"https:\/\/www.riss.cc\/index.php?rest_route=\/wp\/v2\/pages\/29\/revisions"}],"predecessor-version":[{"id":1173,"href":"https:\/\/www.riss.cc\/index.php?rest_route=\/wp\/v2\/pages\/29\/revisions\/1173"}],"wp:attachment":[{"href":"https:\/\/www.riss.cc\/index.php?rest_route=%2Fwp%2Fv2%2Fmedia&parent=29"}],"curies":[{"name":"wp","href":"https:\/\/api.w.org\/{rel}","templated":true}]}}