{"id":30,"date":"2016-10-04T21:05:14","date_gmt":"2016-10-04T19:05:14","guid":{"rendered":"http:\/\/www.chirurgie-riss.at\/riss.cc\/?page_id=8"},"modified":"2019-11-10T07:50:35","modified_gmt":"2019-11-10T06:50:35","slug":"ueber-mich","status":"publish","type":"page","link":"https:\/\/www.riss.cc\/?page_id=30&lang=de","title":{"rendered":"\u00dcber mich"},"content":{"rendered":"<p><img fetchpriority=\"high\" decoding=\"async\" class=\"alignnone size-medium wp-image-337\" src=\"https:\/\/www.riss.cc\/wp-content\/uploads\/2017\/04\/DSC_6965-216x300.jpg\" alt=\"\" width=\"216\" height=\"300\" srcset=\"https:\/\/www.riss.cc\/wp-content\/uploads\/2017\/04\/DSC_6965-216x300.jpg 216w, https:\/\/www.riss.cc\/wp-content\/uploads\/2017\/04\/DSC_6965-159x220.jpg 159w, https:\/\/www.riss.cc\/wp-content\/uploads\/2017\/04\/DSC_6965.jpg 368w\" sizes=\"(max-width: 216px) 100vw, 216px\" \/><\/p>\n<p><b>Leiter der Arbeitsgruppe Chirurgische Endokrinologie,\u00a0<\/b>Abteilung f\u00fcr Allgemein-, Transplantations- und Gef\u00e4\u00dfchirurgie der Medizinischen Universit\u00e4t Wien (AKH Wien).<\/p>\n<p><strong>Facharzt f\u00fcr Allgemeine Chirurgie und Viszeralchirurgie<br \/>\n<\/strong><strong>Europ\u00e4ischer Facharzt f\u00fcr endokrine Chirurgie (FEBS)<br \/>\n<\/strong><strong>Additivfacharzt f\u00fcr Intensivmedizin<\/strong><\/p>\n<p><strong>Vorsitzender<\/strong>\u00a0der Arbeitsgruppe Chirurgische Endokrinologie (ACE) der \u00d6sterreichischen Gesellschaft f\u00fcr Chirurgie.<\/p>\n<p>Verheiratet, 3 Kinder<\/p>\n<p>Neben meiner Ausbildung in Allgemein- und Viszeralchirurgie habe ich seit vielen Jahren meine Hauptinteressen im Bereich der Endokrinen Chirurgie. Als Oberarzt an der \u201cSektion Chirurgische Endokrinologie\u201d habe ich die M\u00f6glichkeit, mich intensiv mit allen Aspekten von Abkl\u00e4rung und (operativer und konservativer) Therapie von Endokrinen Erkrankungen zu besch\u00e4ftigen.<\/p>\n<p>Seit 2015 geh\u00f6re ich zu den wenigen Spezialisten in Europa, welche das\u00a0<strong>Diplom f\u00fcr endokrine Chirurgie<\/strong>\u00a0des \u201c<strong>European Boards of Surgery<\/strong>\u201d erworben haben. Dies dokumentiert eine mehrj\u00e4hrige intensive operative und auch theoretische Erfahrung auf dem Gebiet der gesamten endokrinen Chirurgie.<\/p>\n<p>Neben dieser Spezialisierung liegt ein weiteres Interessensgebiet in der chirurgischen Intensivmedizin. Seit 2015 bin ich Additivfacharzt f\u00fcr Intensivmedizin, seit 2016 in der Leitung der chirurgischen Intensivstation im AKH.<\/p>\n<p><a href=\"https:\/\/www.riss.cc\/?page_id=35&amp;lang=de\">Weitere Details zu meinem Werdegang<\/a><\/p>\n<p><a href=\"https:\/\/www.riss.cc\/?page_id=127&amp;lang=de\">Publikationen in internationalen Fachzeitschriften<\/a><\/p>\n","protected":false},"excerpt":{"rendered":"<p>Leiter der Arbeitsgruppe Chirurgische Endokrinologie,\u00a0Abteilung f\u00fcr Allgemein-, Transplantations- und Gef\u00e4\u00dfchirurgie der Medizinischen Universit\u00e4t Wien (AKH Wien). Facharzt f\u00fcr Allgemeine Chirurgie und Viszeralchirurgie Europ\u00e4ischer Facharzt f\u00fcr endokrine Chirurgie (FEBS) Additivfacharzt f\u00fcr Intensivmedizin Vorsitzender\u00a0der Arbeitsgruppe Chirurgische Endokrinologie (ACE) der \u00d6sterreichischen Gesellschaft f\u00fcr Chirurgie. Verheiratet, 3 Kinder Neben meiner Ausbildung in Allgemein- und Viszeralchirurgie habe ich seit vielen [&hellip;]<\/p>\n","protected":false},"author":1,"featured_media":0,"parent":0,"menu_order":0,"comment_status":"closed","ping_status":"closed","template":"","meta":{"om_disable_all_campaigns":false,"_monsterinsights_skip_tracking":false,"_monsterinsights_sitenote_active":false,"_monsterinsights_sitenote_note":"","_monsterinsights_sitenote_category":0,"_uf_show_specific_survey":0,"_uf_disable_surveys":false,"footnotes":""},"class_list":["post-30","page","type-page","status-publish","hentry"],"aioseo_notices":[],"_links":{"self":[{"href":"https:\/\/www.riss.cc\/index.php?rest_route=\/wp\/v2\/pages\/30","targetHints":{"allow":["GET"]}}],"collection":[{"href":"https:\/\/www.riss.cc\/index.php?rest_route=\/wp\/v2\/pages"}],"about":[{"href":"https:\/\/www.riss.cc\/index.php?rest_route=\/wp\/v2\/types\/page"}],"author":[{"embeddable":true,"href":"https:\/\/www.riss.cc\/index.php?rest_route=\/wp\/v2\/users\/1"}],"replies":[{"embeddable":true,"href":"https:\/\/www.riss.cc\/index.php?rest_route=%2Fwp%2Fv2%2Fcomments&post=30"}],"version-history":[{"count":3,"href":"https:\/\/www.riss.cc\/index.php?rest_route=\/wp\/v2\/pages\/30\/revisions"}],"predecessor-version":[{"id":782,"href":"https:\/\/www.riss.cc\/index.php?rest_route=\/wp\/v2\/pages\/30\/revisions\/782"}],"wp:attachment":[{"href":"https:\/\/www.riss.cc\/index.php?rest_route=%2Fwp%2Fv2%2Fmedia&parent=30"}],"curies":[{"name":"wp","href":"https:\/\/api.w.org\/{rel}","templated":true}]}}