{"id":448,"date":"2018-06-15T16:14:42","date_gmt":"2018-06-15T14:14:42","guid":{"rendered":"https:\/\/www.riss.cc\/?page_id=448"},"modified":"2020-12-27T15:00:36","modified_gmt":"2020-12-27T14:00:36","slug":"kleine-chirurgie","status":"publish","type":"page","link":"https:\/\/www.riss.cc\/?page_id=448&lang=de","title":{"rendered":"Ambulante Chirurgie"},"content":{"rendered":"<p>Ich f\u00fchre in der Ordination auch\u00a0<strong>kleine chirurgische Eingriffe in \u00f6rtlicher Bet\u00e4ubung<\/strong> durch. Wichtig ist hier neben der Radikalit\u00e4t nat\u00fcrlich ein kosmetisch zufriedenstellendes Ergebnis.<\/p>\n<p>Selbstverst\u00e4ndlich wird jedes entnommene Gewebe von Pathologen unter dem Mikroskop untersucht (Histologie) und das Ergebnis dann mit Ihnen besprochen.<\/p>\n<h2>Muttermal (&#8222;N\u00e4vus&#8220;)<\/h2>\n<p>Ist eine Hautver\u00e4nderung, welche durch Wucherung meist farbiger (=&#8220;pigmentierter&#8220;) Zellen entsteht. Wenn ein Muttermal in Farbe, Form oder Beschaffenheit Auff\u00e4lligkeiten zeigt, dann sollte es entfernt werden. Im schlimmsten Fall kann daraus ein Melanom (=Hautkrebs) entstehen.<\/p>\n<h2>Atherom<\/h2>\n<p>Eine der h\u00e4ufigsten Hautver\u00e4nderungen: eine in der Haut oder im Unterhaut- Fettgewebe gelegene Talgzyste (&#8222;Talgb\u00e4llchen&#8220;). Dieses sollte vollst\u00e4ndig entfernt werden, um eine neuerliches Entstehen zu vermeiden.<br \/>\nWerden diese nicht entfernt, kann es im schlimmsten Fall zu Entz\u00fcndungen (Abszessen, &#8222;inflammierten&#8220; Atheromen) f\u00fchren, welche dann er\u00f6ffnet werden m\u00fcssen (meist bleibt hier eine auff\u00e4llige Narbe zur\u00fcck).<\/p>\n<h2>Lipom<\/h2>\n<p>Zumeist gutartige Geschw\u00fclste im Unterhaut- Fettgewebe welche zu beachtlicher Gr\u00f6\u00dfe heranwachsen k\u00f6nnen. Bis zu einer Gr\u00f6\u00dfe von 6cm k\u00f6nnen diese meist in \u00f6rtlicher Bet\u00e4ubung entfernt werden. Vorher ist eine Ultraschalluntersuchung oft sinnvoll, um die genaue Lage und Gr\u00f6\u00dfe festzustellen.<\/p>\n<h2>Abszess<\/h2>\n<p>Eiteransammlung unter der Haut, oft aus einem Atherom, einer Haarwurzelentz\u00fcndung, einer Schweissdr\u00fcse (&#8222;Schwei\u00dfdr\u00fcsenabszess&#8220;) oder einer Bagatellverletzung entstanden. Wichtig ist die Entlastung (Er\u00f6ffnung mit Aussp\u00fclung und Eiterentleerung). Die Wunde darf hier keinesfalls mit N\u00e4hten verschlossen werden, sondern heilt (&#8222;granuliert&#8220;) von innen her zu.<\/p>\n<h2>Eingewachsene Zehenn\u00e4gel<\/h2>\n<p>H\u00e4ufig vor allem bei Jugendlichen oder jungen Erwachsenen entsteht ein eingewachsener Nagel gerne durch &#8222;falsches&#8220; Schneiden oder Verletzungen des Nagels. Hier gibt es einige Tipps und Tricks zur Behandlung und &#8211; als oft letztes Mittel &#8211; eine Operation (Nagelbettplastik).<\/p>\n<h2>Basaliom (&#8222;weisser Hautkrebs&#8220;)<\/h2>\n<p>Kommt meist in der zweiten Lebensh\u00e4lfte als Reaktion auf zu viel Sonnenlicht im Kopfbereich vor(aber auch am restlichen K\u00f6rper m\u00f6glich). Basaliome wachsen zerst\u00f6rend ins Gewebe ein und m\u00fcssen daher vollst\u00e4ndig (&#8222;radikal&#8220;) mit einem entsprechenden Sicherheitsabstand entfernt werden.<\/p>\n","protected":false},"excerpt":{"rendered":"<p>Ich f\u00fchre in der Ordination auch\u00a0kleine chirurgische Eingriffe in \u00f6rtlicher Bet\u00e4ubung durch. Wichtig ist hier neben der Radikalit\u00e4t nat\u00fcrlich ein kosmetisch zufriedenstellendes Ergebnis. Selbstverst\u00e4ndlich wird jedes entnommene Gewebe von Pathologen unter dem Mikroskop untersucht (Histologie) und das Ergebnis dann mit Ihnen besprochen. Muttermal (&#8222;N\u00e4vus&#8220;) Ist eine Hautver\u00e4nderung, welche durch Wucherung meist farbiger (=&#8220;pigmentierter&#8220;) Zellen entsteht. [&hellip;]<\/p>\n","protected":false},"author":1,"featured_media":0,"parent":0,"menu_order":0,"comment_status":"closed","ping_status":"closed","template":"","meta":{"om_disable_all_campaigns":false,"_monsterinsights_skip_tracking":false,"_monsterinsights_sitenote_active":false,"_monsterinsights_sitenote_note":"","_monsterinsights_sitenote_category":0,"_uf_show_specific_survey":0,"_uf_disable_surveys":false,"footnotes":""},"class_list":["post-448","page","type-page","status-publish","hentry"],"aioseo_notices":[],"_links":{"self":[{"href":"https:\/\/www.riss.cc\/index.php?rest_route=\/wp\/v2\/pages\/448","targetHints":{"allow":["GET"]}}],"collection":[{"href":"https:\/\/www.riss.cc\/index.php?rest_route=\/wp\/v2\/pages"}],"about":[{"href":"https:\/\/www.riss.cc\/index.php?rest_route=\/wp\/v2\/types\/page"}],"author":[{"embeddable":true,"href":"https:\/\/www.riss.cc\/index.php?rest_route=\/wp\/v2\/users\/1"}],"replies":[{"embeddable":true,"href":"https:\/\/www.riss.cc\/index.php?rest_route=%2Fwp%2Fv2%2Fcomments&post=448"}],"version-history":[{"count":7,"href":"https:\/\/www.riss.cc\/index.php?rest_route=\/wp\/v2\/pages\/448\/revisions"}],"predecessor-version":[{"id":869,"href":"https:\/\/www.riss.cc\/index.php?rest_route=\/wp\/v2\/pages\/448\/revisions\/869"}],"wp:attachment":[{"href":"https:\/\/www.riss.cc\/index.php?rest_route=%2Fwp%2Fv2%2Fmedia&parent=448"}],"curies":[{"name":"wp","href":"https:\/\/api.w.org\/{rel}","templated":true}]}}